{"id":14790,"date":"2023-06-26T05:17:20","date_gmt":"2023-06-26T05:17:20","guid":{"rendered":"https:\/\/iexsasia.com\/tai-lieu-hop-phap\/"},"modified":"2025-06-25T05:45:29","modified_gmt":"2025-06-25T05:45:29","slug":"tai-lieu-hop-phap","status":"publish","type":"page","link":"https:\/\/iexs.tw\/vi\/tai-lieu-hop-phap\/","title":{"rendered":"T\u00e0i li\u1ec7u h\u1ee3p ph\u00e1p"},"content":{"rendered":"<div class=\"wpb-content-wrapper\"><p>[vc_section full_width=&#8221;stretch_row&#8221; pix_over_visibility=&#8221;&#8221; responsive_css=&#8221;{&#8220;pix_res_sm_pt&#8220;:&#8220;20&#8220;,&#8220;pix_res_sm_pb&#8220;:&#8220;20&#8220;,&#8220;pix_res_md_pt&#8220;:&#8220;40&#8220;,&#8220;pix_res_md_pb&#8220;:&#8220;40&#8220;}&#8221; css=&#8221;.vc_custom_1605828905348{padding-top: 80px !important;padding-bottom: 80px !important;}&#8221;][vc_row full_width=&#8221;stretch_row&#8221; pix_particles_check=&#8221;&#8221; css=&#8221;.vc_custom_1687757383885{padding-top: 80px !important;padding-bottom: 80px !important;}&#8221;][vc_column]<div id=\"el1604275238510-5b489bcc-aac1\" class=\"pix-highlighted-element text-center \"><h2 class=\"pix-highlighted-items \" style=\"\" data-anim-type=\"\" data-anim-delay=\"0\"><span id=\"el1604275238510-5b489bcc-aac1-0\" class=\"pix-highlight-bg align-middle2  el1604275238510-5b489bcc-aac1-0 animate-in\" data-anim-type=\"highlight-grow\" data-anim-delay=\"200\"><span class=\"pix-highlighted-text  pix-highlight-item font-weight-normal  font-tr\u1ecdng-\u0111\u1eadm ti\u00eau \u0111\u1ec1-ph\u00f4ng ch\u1eef text-heading-default\">Ph\u00e1p l\u00fd &amp; H\u1ed7 tr\u1ee3<\/span><\/span><span id=\"el1604275238510-5b489bcc-aac1-1\" class=\"\"><span class=\"pix-highlighted-text pix-highlight-item font-weight-normal  ti\u00eau \u0111\u1ec1-ph\u00f4ng ch\u1eef text-heading-default\">  C\u00e1c t\u00e0i li\u1ec7u<\/span><\/span><\/h2><\/div><div class=\"pix-el-text w-100 text-center  vc_custom_1690443721724\" ><div class=\"d-inline-block\" style=\"max-width:600px;\"><p class=\"text-18  text-body-default text-center \" >V\u00ec l\u1ee3i \u00edch v\u00e0 s\u1ef1 b\u1ea3o v\u1ec7 c\u1ee7a ch\u00ednh b\u1ea1n, vui l\u00f2ng t\u1ea3i xu\u1ed1ng v\u00e0 \u0111\u1ecdc c\u00e1c t\u00e0i li\u1ec7u quy \u0111\u1ecbnh c\u1ee7a ch\u00fang t\u00f4i b\u00ean d\u01b0\u1edbi, b\u1ea5t k\u1ef3 th\u00f4ng tin n\u00e0o kh\u00e1c \u0111\u01b0\u1ee3c cung c\u1ea5p cho b\u1ea1n qua trang web n\u00e0y tr\u01b0\u1edbc khi m\u1edf t\u00e0i kho\u1ea3n ho\u1eb7c \u0111\u1eb7t h\u00e0ng.<\/p><\/div><\/div>[\/vc_column][\/vc_row][vc_row pix_particles_check=&#8221;&#8221; css=&#8221;.vc_custom_1604275488835{padding-bottom: 40px !important;}&#8221;][vc_column width=&#8221;1\/3&#8243;]<div  class=\"pix-heading-el text-left  vc_custom_1691568942193\"><div><div class=\"slide-in-container2\"><h6 class=\"text-heading-default font-weight-bold heading-text el-title_custom_color mb-12\" style=\"\" data-anim-type=\"\" data-anim-delay=\"0\">Th\u1ecfa thu\u1eadn t\u00e0i kho\u1ea3n<\/h6><\/div><\/div><\/div><a  href=\"https:\/\/iexs.tw\/wp-content\/uploads\/2024\/02\/IEXS-CUSTOMER-AGREEMENT-Standard-Account.pdf\" class=\"btn mb-2     btn-link text-primary d-block w-100  no-padding text-left    btn-md\" target=\"_blank\" rel=\"noopener\"    ><i class=\"font-weight-bold pixicon-folder-download   mr-1\"><\/i> <span class=\"font-weight-bold \" >Standard Account Agreement<\/span><\/a><a  href=\"https:\/\/iexs.tw\/wp-content\/uploads\/2024\/02\/IEXS-CUSTOMER-AGREEMENT-DMA-Account.pdf\" class=\"btn mb-2     btn-link text-primary d-block w-100  no-padding text-left    btn-md\" target=\"_blank\" rel=\"noopener\"    ><i class=\"font-weight-bold pixicon-folder-download   mr-1\"><\/i> <span class=\"font-weight-bold \" >DMA Account Agreement<\/span><\/a><a  href=\"https:\/\/iexs.tw\/wp-content\/uploads\/2025\/06\/IEXS-Account-Leverage-Statement.pdf\" class=\"btn mb-2     btn-link text-primary d-block w-100  no-padding text-left    btn-md\" target=\"_blank\" rel=\"noopener\"    ><i class=\"font-weight-bold pixicon-folder-download   mr-1\"><\/i> <span class=\"font-weight-bold \" >Account Leverage Statement<\/span><\/a>[\/vc_column][vc_column width=&#8221;1\/3&#8243;]<div  class=\"pix-heading-el text-left  vc_custom_1691569188788\"><div><div class=\"slide-in-container2\"><h6 class=\"text-heading-default font-weight-bold heading-text el-title_custom_color mb-12\" style=\"\" data-anim-type=\"\" data-anim-delay=\"0\">\u0110i\u1ec1u kho\u1ea3n v\u00e0 \u0111i\u1ec1u ki\u1ec7n<\/h6><\/div><\/div><\/div><a  href=\"https:\/\/iexs.tw\/wp-content\/uploads\/2024\/02\/IEXS-AML-policy.pdf\" class=\"btn mb-2     btn-link text-primary d-block w-100  no-padding text-left    btn-md\" target=\"_blank\" rel=\"noopener\"    ><i class=\"font-weight-bold pixicon-folder-download   mr-1\"><\/i> <span class=\"font-weight-bold \" >IEXS - AML Policy<\/span><\/a><a  href=\"https:\/\/iexs.tw\/wp-content\/uploads\/2024\/02\/Scalping-Policy.pdf\" class=\"btn mb-2     btn-link text-primary d-block w-100  no-padding text-left    btn-md\" target=\"_blank\" rel=\"noopener\"    ><i class=\"font-weight-bold pixicon-folder-download   mr-1\"><\/i> <span class=\"font-weight-bold \" >IEXS - Scalping Policy<\/span><\/a><a  href=\"https:\/\/iexs.tw\/wp-content\/uploads\/2025\/03\/IEXS-Partnership-level\u2162.pdf\" class=\"btn mb-2     btn-link text-primary d-block w-100  no-padding text-left    btn-md\" target=\"_blank\" rel=\"noopener\"    ><i class=\"font-weight-bold pixicon-folder-download   mr-1\"><\/i> <span class=\"font-weight-bold \" >IEXS - Partnership<\/span><\/a>[\/vc_column][vc_column width=&#8221;1\/3&#8243;]<div  class=\"pix-heading-el text-left  vc_custom_1691569194020\"><div><div class=\"slide-in-container2\"><h6 class=\"text-heading-default font-weight-bold heading-text el-title_custom_color mb-12\" style=\"\" data-anim-type=\"\" data-anim-delay=\"0\">\u0110i\u1ec1u kho\u1ea3n v\u00e0 \u0111i\u1ec1u ki\u1ec7n<\/h6><\/div><\/div><\/div><a  href=\"https:\/\/iexs.tw\/wp-content\/uploads\/2024\/02\/IEXS-Cookies-Policy.pdf\" class=\"btn mb-2     btn-link text-primary d-block w-100  no-padding text-left    btn-md\" target=\"_blank\" rel=\"noopener\"    ><i class=\"font-weight-bold pixicon-folder-download   mr-1\"><\/i> <span class=\"font-weight-bold \" >IEXS - Cookies Policy<\/span><\/a><a  href=\"https:\/\/iexs.tw\/wp-content\/uploads\/2024\/02\/IEXS-Privacy-Policy.pdf\" class=\"btn mb-2     btn-link text-primary d-block w-100  no-padding text-left    btn-md\" target=\"_blank\" rel=\"noopener\"    ><i class=\"font-weight-bold pixicon-folder-download   mr-1\"><\/i> <span class=\"font-weight-bold \" >IEXS - Privacy Policy<\/span><\/a><a  href=\"https:\/\/iexs.tw\/wp-content\/uploads\/2024\/02\/IEXS-Risk-Disclosure.pdf\" class=\"btn mb-2     btn-link text-primary d-block w-100  no-padding text-left    btn-md\" target=\"_blank\" rel=\"noopener\"    ><i class=\"font-weight-bold pixicon-folder-download   mr-1\"><\/i> <span class=\"font-weight-bold \" >IEXS - Risk Disclosure<\/span><\/a>[\/vc_column][\/vc_row][\/vc_section][vc_section full_width=&#8221;stretch_row&#8221; pix_over_visibility=&#8221;&#8221; responsive_css=&#8221;{&#8220;pix_res_sm_pt&#8220;:&#8220;20&#8220;,&#8220;pix_res_sm_pb&#8220;:&#8220;20&#8220;,&#8220;pix_res_md_pt&#8220;:&#8220;20&#8220;,&#8220;pix_res_md_pb&#8220;:&#8220;30&#8220;}&#8221; css=&#8221;.vc_custom_1643664581279{padding-top: 40px !important;padding-bottom: 60px !important;background-color: #ffffff !important;}&#8221;][vc_row full_width=&#8221;stretch_row&#8221; pix_particles_check=&#8221;&#8221;][vc_column content_align=&#8221;text-center&#8221;]<span class=\"pix-badge-element h6 d-inline-flex mr-1 animate-in\" data-anim-type=\"fade-in-left\" data-anim-delay=\"600\"><span class=\"badge font-weight-bold badge-pill shadow bg-white  vc_custom_1645400806424  \" style=\" \"><span class=\"text-heading-default\" style=\"\">T\u0103ng tr\u01b0\u1edfng m\u1ea1nh<\/span><\/span><\/span><div id=\"el1645215901532-8770ca70-1e5c\" class=\"mb-3 text-center  vc_custom_1643917369792\"><h3 class=\"mb-32 pix-sliding-headline-2 animate-in font-weight-bold secondary-font \" data-anim-type=\"pix-sliding-text\" pix-anim-delay=\"500\" data-class=\"secondary-font text-heading-default\" style=\"\"><span class=\"slide-in-container \"><span class=\"pix-sliding-item secondary-font text-heading-default\" style=\"transition-delay: 0ms;\">H\u00e3y&#32;<\/span><\/span> <span class=\"slide-in-container \"><span class=\"pix-sliding-item secondary-font text-heading-default\" style=\"transition-delay: 50ms;\">\u0111\u1ec3&#32;<\/span><\/span> <span class=\"slide-in-container \"><span class=\"pix-sliding-item secondary-font text-heading-default\" style=\"transition-delay: 100ms;\">nh\u1eefng&#32;<\/span><\/span> <span class=\"slide-in-container \"><span class=\"pix-sliding-item secondary-font text-heading-default\" style=\"transition-delay: 150ms;\">con&#32;<\/span><\/span> <span class=\"slide-in-container \"><span class=\"pix-sliding-item secondary-font text-heading-default\" style=\"transition-delay: 200ms;\">s\u1ed1&#32;<\/span><\/span> <span class=\"slide-in-container \"><span class=\"pix-sliding-item secondary-font text-heading-default\" style=\"transition-delay: 250ms;\">l\u00ean&#32;<\/span><\/span> <span class=\"slide-in-container \"><span class=\"pix-sliding-item secondary-font text-heading-default\" style=\"transition-delay: 300ms;\">ti\u1ebfng!&#32;<\/span><\/span> <\/h3><\/div><div class=\"pix-el-text w-100 text-center \" ><p class=\"text-20  text-body-default text-center \" ><span class=\"text-body-default animate-in d-inline-block\" data-anim-delay=\"900\" data-anim-type=\"fade-in-up\">Giao d\u1ecbch v\u1edbi Nh\u00e0 m\u00f4i gi\u1edbi Fintech s\u1ed1 1 th\u1ebf gi\u1edbi!<\/span><\/p><\/div>[\/vc_column][\/vc_row][vc_row pix_particles_check=&#8221;&#8221; responsive_css=&#8221;{&#8220;pix_res_sm_pb&#8220;:&#8220;20&#8220;,&#8220;pix_res_md_pb&#8220;:&#8220;40&#8220;}&#8221; css=&#8221;.vc_custom_1643664549215{padding-top: 10px !important;padding-bottom: 60px !important;}&#8221;][vc_column width=&#8221;1\/2&#8243; offset=&#8221;vc_col-md-3 vc_col-xs-6&#8243; css=&#8221;.vc_custom_1643664518947{padding-top: 20px !important;padding-bottom: 20px !important;}&#8221;]<div class=\"pix_numbers animate-math \"><div><h1 class=\"align-self-center text-left display-3\"><span class=\"font-weight-bold text-primary\" style=\"\"><\/span><span class=\"number font-weight-bold text-primary\" style=\"\" data-duration=\"3000\" data-to=\"300\">0<\/span><span class=\"font-weight-bold text-primary\" style=\"\">+<\/span><\/h1><\/div><div class=\"w-100 text-left\"><h6 class=\"mt-0 text-heading-default font-weight-bold\" style=\"\">S\u1ea3n ph\u1ea9m giao d\u1ecbch<\/h6><\/div><\/div>\n[\/vc_column][vc_column width=&#8221;1\/2&#8243; offset=&#8221;vc_col-md-3 vc_col-xs-6&#8243; css=&#8221;.vc_custom_1643664512919{padding-top: 20px !important;padding-bottom: 20px !important;}&#8221;]<div class=\"pix_numbers animate-math \"><div><h1 class=\"align-self-center text-left display-3\"><span class=\"font-weight-bold text-primary\" style=\"\"><\/span><span class=\"number font-weight-bold text-primary\" style=\"\" data-duration=\"3000\" data-to=\"100\">0<\/span><span class=\"font-weight-bold text-primary\" style=\"\">K+<\/span><\/h1><\/div><div class=\"w-100 text-left\"><h6 class=\"mt-0 text-heading-default font-weight-bold\" style=\"\">kh\u00e1ch h\u00e0ng to\u00e0n c\u1ea7u<\/h6><\/div><\/div>\n[\/vc_column][vc_column width=&#8221;1\/2&#8243; offset=&#8221;vc_col-md-3 vc_col-xs-6&#8243; css=&#8221;.vc_custom_1643664502442{padding-top: 20px !important;padding-bottom: 20px !important;}&#8221;]<div class=\"pix_numbers animate-math \"><div><h1 class=\"align-self-center text-left display-3\"><span class=\"font-weight-bold text-primary\" style=\"\">$<\/span><span class=\"number font-weight-bold text-primary\" style=\"\" data-duration=\"3000\" data-to=\"56\">0<\/span><span class=\"font-weight-bold text-primary\" style=\"\">M+<\/span><\/h1><\/div><div class=\"w-100 text-left\"><h6 class=\"mt-0 text-heading-default font-weight-bold\" style=\"\">T\u00e0i s\u1ea3n c\u00f4ng ty<\/h6><\/div><\/div>\n[\/vc_column][vc_column width=&#8221;1\/2&#8243; offset=&#8221;vc_col-md-3 vc_col-xs-6&#8243; css=&#8221;.vc_custom_1643664486459{padding-top: 20px !important;padding-bottom: 20px !important;}&#8221;]<div class=\"pix_numbers animate-math \"><div><h1 class=\"align-self-center text-left display-3\"><span class=\"font-weight-bold text-primary\" style=\"\"><\/span><span class=\"number font-weight-bold text-primary\" style=\"\" data-duration=\"3000\" data-to=\"500\">0<\/span><span class=\"font-weight-bold text-primary\" style=\"\">+<\/span><\/h1><\/div><div class=\"w-100 text-left\"><h6 class=\"mt-0 text-heading-default font-weight-bold\" style=\"\">Quan h\u1ec7 \u0111\u1ed1i t\u00e1c \u1edf Ch\u00e2u \u00c1<\/h6><\/div><\/div>\n[\/vc_column][\/vc_row][\/vc_section]<\/p>\n<\/div>","protected":false},"excerpt":{"rendered":"[vc_section full_width=&#8221;stretch_row&#8221; pix_over_visibility=&#8221;&#8221; responsive_css=&#8221;{&#8220;pix_res_sm_pt&#8220;:&#8220;20&#8220;,&#8220;pix_res_sm_pb&#8220;:&#8220;20&#8220;,&#8220;pix_res_md_pt&#8220;:&#8220;40&#8220;,&#8220;pix_res_md_pb&#8220;:&#8220;40&#8220;}&#8221; css=&#8221;.vc_custom_1605828905348{padding-top: 80px !important;padding-bottom: 80px !important;}&#8221;][vc_row full_width=&#8221;stretch_row&#8221; pix_particles_check=&#8221;&#8221; css=&#8221;.vc_custom_1687757383885{padding-top: 80px !important;padding-bottom: 80px !important;}&#8221;][vc_column][\/vc_column][\/vc_row][vc_row pix_particles_check=&#8221;&#8221; css=&#8221;.vc_custom_1604275488835{padding-bottom: 40px !important;}&#8221;][vc_column width=&#8221;1\/3&#8243;][\/vc_column][vc_column width=&#8221;1\/3&#8243;][\/vc_column][vc_column width=&#8221;1\/3&#8243;][\/vc_column][\/vc_row][\/vc_section][vc_section full_width=&#8221;stretch_row&#8221; pix_over_visibility=&#8221;&#8221; responsive_css=&#8221;{&#8220;pix_res_sm_pt&#8220;:&#8220;20&#8220;,&#8220;pix_res_sm_pb&#8220;:&#8220;20&#8220;,&#8220;pix_res_md_pt&#8220;:&#8220;20&#8220;,&#8220;pix_res_md_pb&#8220;:&#8220;30&#8220;}&#8221; css=&#8221;.vc_custom_1643664581279{padding-top: 40px !important;padding-bottom: 60px !important;background-color: #ffffff !important;}&#8221;][vc_row full_width=&#8221;stretch_row&#8221; pix_particles_check=&#8221;&#8221;][vc_column content_align=&#8221;text-center&#8221;][\/vc_column][\/vc_row][vc_row pix_particles_check=&#8221;&#8221; responsive_css=&#8221;{&#8220;pix_res_sm_pb&#8220;:&#8220;20&#8220;,&#8220;pix_res_md_pb&#8220;:&#8220;40&#8220;}&#8221; css=&#8221;.vc_custom_1643664549215{padding-top: 10px&#8230;","protected":false},"author":1,"featured_media":0,"parent":0,"menu_order":0,"comment_status":"closed","ping_status":"closed","template":"","meta":{"footnotes":""},"class_list":["post-14790","page","type-page","status-publish","hentry"],"yoast_head":"<!-- This site is optimized with the Yoast SEO plugin v21.6 - https:\/\/yoast.com\/wordpress\/plugins\/seo\/ -->\n<title>T\u00e0i li\u1ec7u h\u1ee3p ph\u00e1p - IEXS | Nh\u00e0 m\u00f4i gi\u1edbi c\u00f4ng ngh\u1ec7 t\u00e0i ch\u00ednh - Ch\u1ee9ng kho\u00e1n|Ch\u1ee9ng kho\u00e1n|V\u00e0ng|D\u1ea7u th\u00f4<\/title>\n<meta name=\"description\" content=\"K\u1ec3 t\u1eeb khi th\u00e0nh l\u1eadp, IEXS \u0111\u00e3 m\u1edf r\u1ed9ng th\u00e0nh c\u00f4ng \u0111\u1ec3 ph\u1ee5c v\u1ee5 c\u00e1c kh\u00e1ch h\u00e0ng t\u1ed5 ch\u1ee9c v\u00e0 b\u00e1n l\u1ebb tr\u00ean kh\u1eafp Ch\u00e2u \u00c1 \u2013 v\u00e0 ch\u00fang t\u00f4i v\u1eabn \u0111ang ti\u1ebfp\" \/>\n<meta name=\"robots\" content=\"noindex, follow, max-snippet:-1, max-image-preview:large, max-video-preview:-1\" \/>\n<meta property=\"og:locale\" content=\"vi_VN\" \/>\n<meta property=\"og:type\" content=\"article\" \/>\n<meta property=\"og:title\" content=\"T\u00e0i li\u1ec7u h\u1ee3p ph\u00e1p - IEXS | Nh\u00e0 m\u00f4i gi\u1edbi c\u00f4ng ngh\u1ec7 t\u00e0i ch\u00ednh - Ch\u1ee9ng kho\u00e1n|Ch\u1ee9ng kho\u00e1n|V\u00e0ng|D\u1ea7u th\u00f4\" \/>\n<meta property=\"og:description\" content=\"K\u1ec3 t\u1eeb khi th\u00e0nh l\u1eadp, IEXS \u0111\u00e3 m\u1edf r\u1ed9ng th\u00e0nh c\u00f4ng \u0111\u1ec3 ph\u1ee5c v\u1ee5 c\u00e1c kh\u00e1ch h\u00e0ng t\u1ed5 ch\u1ee9c v\u00e0 b\u00e1n l\u1ebb tr\u00ean kh\u1eafp Ch\u00e2u \u00c1 \u2013 v\u00e0 ch\u00fang t\u00f4i v\u1eabn \u0111ang ti\u1ebfp\" \/>\n<meta property=\"og:url\" content=\"https:\/\/iexs.tw\/legal-documents\/\" \/>\n<meta property=\"og:site_name\" content=\"IEXS | Nh\u00e0 m\u00f4i gi\u1edbi c\u00f4ng ngh\u1ec7 t\u00e0i ch\u00ednh\" \/>\n<meta property=\"article:publisher\" content=\"https:\/\/www.facebook.com\/iexs.official\" \/>\n<meta property=\"article:modified_time\" content=\"2025-06-25T05:45:29+00:00\" \/>\n<meta property=\"og:image\" content=\"https:\/\/iexs.tw\/wp-content\/uploads\/2023\/12\/image_2023-12-14_16-19-19.png\" \/>\n\t<meta property=\"og:image:width\" content=\"1708\" \/>\n\t<meta property=\"og:image:height\" content=\"886\" \/>\n\t<meta property=\"og:image:type\" content=\"image\/png\" \/>\n<meta name=\"twitter:card\" content=\"summary_large_image\" \/>\n<meta name=\"twitter:site\" content=\"@iexs_official\" \/>\n<meta name=\"twitter:label1\" content=\"Est. reading time\" \/>\n\t<meta name=\"twitter:data1\" content=\"2 minutes\" \/>\n<script type=\"application\/ld+json\" class=\"yoast-schema-graph\">{\"@context\":\"https:\/\/schema.org\",\"@graph\":[{\"@type\":\"WebPage\",\"@id\":\"https:\/\/iexs.tw\/legal-documents\/\",\"url\":\"https:\/\/iexs.tw\/legal-documents\/\",\"name\":\"T\u00e0i li\u1ec7u h\u1ee3p ph\u00e1p - IEXS | Nh\u00e0 m\u00f4i gi\u1edbi c\u00f4ng ngh\u1ec7 t\u00e0i ch\u00ednh - Ch\u1ee9ng kho\u00e1n|Ch\u1ee9ng kho\u00e1n|V\u00e0ng|D\u1ea7u th\u00f4\",\"isPartOf\":{\"@id\":\"https:\/\/iexs.tw\/#website\"},\"datePublished\":\"2023-06-26T05:17:20+00:00\",\"dateModified\":\"2025-06-25T05:45:29+00:00\",\"description\":\"K\u1ec3 t\u1eeb khi th\u00e0nh l\u1eadp, IEXS \u0111\u00e3 m\u1edf r\u1ed9ng th\u00e0nh c\u00f4ng \u0111\u1ec3 ph\u1ee5c v\u1ee5 c\u00e1c kh\u00e1ch h\u00e0ng t\u1ed5 ch\u1ee9c v\u00e0 b\u00e1n l\u1ebb tr\u00ean kh\u1eafp Ch\u00e2u \u00c1 \u2013 v\u00e0 ch\u00fang t\u00f4i v\u1eabn \u0111ang ti\u1ebfp\",\"breadcrumb\":{\"@id\":\"https:\/\/iexs.tw\/legal-documents\/#breadcrumb\"},\"inLanguage\":\"vi-VN\",\"potentialAction\":[{\"@type\":\"ReadAction\",\"target\":[\"https:\/\/iexs.tw\/legal-documents\/\"]}]},{\"@type\":\"BreadcrumbList\",\"@id\":\"https:\/\/iexs.tw\/legal-documents\/#breadcrumb\",\"itemListElement\":[{\"@type\":\"ListItem\",\"position\":1,\"name\":\"Home\",\"item\":\"https:\/\/iexs.tw\/\"},{\"@type\":\"ListItem\",\"position\":2,\"name\":\"T\u00e0i li\u1ec7u h\u1ee3p ph\u00e1p\"}]},{\"@type\":\"WebSite\",\"@id\":\"https:\/\/iexs.tw\/#website\",\"url\":\"https:\/\/iexs.tw\/\",\"name\":\"IEXS | Fintech Broker | Securities | Futures | Forex | Metals | Crypto | Indices\",\"description\":\"Ch\u1ee9ng kho\u00e1n | H\u1ee3p \u0111\u1ed3ng t\u01b0\u01a1ng lai | C\u1eb7p ti\u1ec1n t\u1ec7 | Kim lo\u1ea1i | C\u1ed5 phi\u1ebfu | Ch\u1ec9 s\u1ed1\",\"publisher\":{\"@id\":\"https:\/\/iexs.tw\/#organization\"},\"potentialAction\":[{\"@type\":\"SearchAction\",\"target\":{\"@type\":\"EntryPoint\",\"urlTemplate\":\"https:\/\/iexs.tw\/?s={search_term_string}\"},\"query-input\":\"required name=search_term_string\"}],\"inLanguage\":\"vi-VN\"},{\"@type\":\"Organization\",\"@id\":\"https:\/\/iexs.tw\/#organization\",\"name\":\"IEXS\",\"url\":\"https:\/\/iexs.tw\/\",\"logo\":{\"@type\":\"ImageObject\",\"inLanguage\":\"vi-VN\",\"@id\":\"https:\/\/iexs.tw\/#\/schema\/logo\/image\/\",\"url\":\"https:\/\/iexs.tw\/wp-content\/uploads\/2023\/08\/cropped-iexs-logo-bw-small-2.png\",\"contentUrl\":\"https:\/\/iexs.tw\/wp-content\/uploads\/2023\/08\/cropped-iexs-logo-bw-small-2.png\",\"width\":512,\"height\":512,\"caption\":\"IEXS\"},\"image\":{\"@id\":\"https:\/\/iexs.tw\/#\/schema\/logo\/image\/\"},\"sameAs\":[\"https:\/\/www.facebook.com\/iexs.official\",\"https:\/\/twitter.com\/iexs_official\",\"https:\/\/www.youtube.com\/channel\/UCXkv-L4Z6HAgFtV1S1CvvRQ\"]}]}<\/script>\n<!-- \/ Yoast SEO plugin. -->","yoast_head_json":{"title":"T\u00e0i li\u1ec7u h\u1ee3p ph\u00e1p - IEXS | Nh\u00e0 m\u00f4i gi\u1edbi c\u00f4ng ngh\u1ec7 t\u00e0i ch\u00ednh - Ch\u1ee9ng kho\u00e1n|Ch\u1ee9ng kho\u00e1n|V\u00e0ng|D\u1ea7u th\u00f4","description":"K\u1ec3 t\u1eeb khi th\u00e0nh l\u1eadp, IEXS \u0111\u00e3 m\u1edf r\u1ed9ng th\u00e0nh c\u00f4ng \u0111\u1ec3 ph\u1ee5c v\u1ee5 c\u00e1c kh\u00e1ch h\u00e0ng t\u1ed5 ch\u1ee9c v\u00e0 b\u00e1n l\u1ebb tr\u00ean kh\u1eafp Ch\u00e2u \u00c1 \u2013 v\u00e0 ch\u00fang t\u00f4i v\u1eabn \u0111ang ti\u1ebfp","robots":{"index":"noindex","follow":"follow","max-snippet":"max-snippet:-1","max-image-preview":"max-image-preview:large","max-video-preview":"max-video-preview:-1"},"og_locale":"vi_VN","og_type":"article","og_title":"T\u00e0i li\u1ec7u h\u1ee3p ph\u00e1p - IEXS | Nh\u00e0 m\u00f4i gi\u1edbi c\u00f4ng ngh\u1ec7 t\u00e0i ch\u00ednh - Ch\u1ee9ng kho\u00e1n|Ch\u1ee9ng kho\u00e1n|V\u00e0ng|D\u1ea7u th\u00f4","og_description":"K\u1ec3 t\u1eeb khi th\u00e0nh l\u1eadp, IEXS \u0111\u00e3 m\u1edf r\u1ed9ng th\u00e0nh c\u00f4ng \u0111\u1ec3 ph\u1ee5c v\u1ee5 c\u00e1c kh\u00e1ch h\u00e0ng t\u1ed5 ch\u1ee9c v\u00e0 b\u00e1n l\u1ebb tr\u00ean kh\u1eafp Ch\u00e2u \u00c1 \u2013 v\u00e0 ch\u00fang t\u00f4i v\u1eabn \u0111ang ti\u1ebfp","og_url":"https:\/\/iexs.tw\/legal-documents\/","og_site_name":"IEXS | Nh\u00e0 m\u00f4i gi\u1edbi c\u00f4ng ngh\u1ec7 t\u00e0i ch\u00ednh","article_publisher":"https:\/\/www.facebook.com\/iexs.official","article_modified_time":"2025-06-25T05:45:29+00:00","og_image":[{"width":1708,"height":886,"url":"https:\/\/iexs.tw\/wp-content\/uploads\/2023\/12\/image_2023-12-14_16-19-19.png","type":"image\/png"}],"twitter_card":"summary_large_image","twitter_site":"@iexs_official","twitter_misc":{"Est. reading time":"2 minutes"},"schema":{"@context":"https:\/\/schema.org","@graph":[{"@type":"WebPage","@id":"https:\/\/iexs.tw\/legal-documents\/","url":"https:\/\/iexs.tw\/legal-documents\/","name":"T\u00e0i li\u1ec7u h\u1ee3p ph\u00e1p - IEXS | Nh\u00e0 m\u00f4i gi\u1edbi c\u00f4ng ngh\u1ec7 t\u00e0i ch\u00ednh - Ch\u1ee9ng kho\u00e1n|Ch\u1ee9ng kho\u00e1n|V\u00e0ng|D\u1ea7u th\u00f4","isPartOf":{"@id":"https:\/\/iexs.tw\/#website"},"datePublished":"2023-06-26T05:17:20+00:00","dateModified":"2025-06-25T05:45:29+00:00","description":"K\u1ec3 t\u1eeb khi th\u00e0nh l\u1eadp, IEXS \u0111\u00e3 m\u1edf r\u1ed9ng th\u00e0nh c\u00f4ng \u0111\u1ec3 ph\u1ee5c v\u1ee5 c\u00e1c kh\u00e1ch h\u00e0ng t\u1ed5 ch\u1ee9c v\u00e0 b\u00e1n l\u1ebb tr\u00ean kh\u1eafp Ch\u00e2u \u00c1 \u2013 v\u00e0 ch\u00fang t\u00f4i v\u1eabn \u0111ang ti\u1ebfp","breadcrumb":{"@id":"https:\/\/iexs.tw\/legal-documents\/#breadcrumb"},"inLanguage":"vi-VN","potentialAction":[{"@type":"ReadAction","target":["https:\/\/iexs.tw\/legal-documents\/"]}]},{"@type":"BreadcrumbList","@id":"https:\/\/iexs.tw\/legal-documents\/#breadcrumb","itemListElement":[{"@type":"ListItem","position":1,"name":"Home","item":"https:\/\/iexs.tw\/"},{"@type":"ListItem","position":2,"name":"T\u00e0i li\u1ec7u h\u1ee3p ph\u00e1p"}]},{"@type":"WebSite","@id":"https:\/\/iexs.tw\/#website","url":"https:\/\/iexs.tw\/","name":"IEXS | Fintech Broker | Securities | Futures | Forex | Metals | Crypto | Indices","description":"Ch\u1ee9ng kho\u00e1n | H\u1ee3p \u0111\u1ed3ng t\u01b0\u01a1ng lai | C\u1eb7p ti\u1ec1n t\u1ec7 | Kim lo\u1ea1i | C\u1ed5 phi\u1ebfu | Ch\u1ec9 s\u1ed1","publisher":{"@id":"https:\/\/iexs.tw\/#organization"},"potentialAction":[{"@type":"SearchAction","target":{"@type":"EntryPoint","urlTemplate":"https:\/\/iexs.tw\/?s={search_term_string}"},"query-input":"required name=search_term_string"}],"inLanguage":"vi-VN"},{"@type":"Organization","@id":"https:\/\/iexs.tw\/#organization","name":"IEXS","url":"https:\/\/iexs.tw\/","logo":{"@type":"ImageObject","inLanguage":"vi-VN","@id":"https:\/\/iexs.tw\/#\/schema\/logo\/image\/","url":"https:\/\/iexs.tw\/wp-content\/uploads\/2023\/08\/cropped-iexs-logo-bw-small-2.png","contentUrl":"https:\/\/iexs.tw\/wp-content\/uploads\/2023\/08\/cropped-iexs-logo-bw-small-2.png","width":512,"height":512,"caption":"IEXS"},"image":{"@id":"https:\/\/iexs.tw\/#\/schema\/logo\/image\/"},"sameAs":["https:\/\/www.facebook.com\/iexs.official","https:\/\/twitter.com\/iexs_official","https:\/\/www.youtube.com\/channel\/UCXkv-L4Z6HAgFtV1S1CvvRQ"]}]}},"_links":{"self":[{"href":"https:\/\/iexs.tw\/vi\/wp-json\/wp\/v2\/pages\/14790","targetHints":{"allow":["GET"]}}],"collection":[{"href":"https:\/\/iexs.tw\/vi\/wp-json\/wp\/v2\/pages"}],"about":[{"href":"https:\/\/iexs.tw\/vi\/wp-json\/wp\/v2\/types\/page"}],"author":[{"embeddable":true,"href":"https:\/\/iexs.tw\/vi\/wp-json\/wp\/v2\/users\/1"}],"replies":[{"embeddable":true,"href":"https:\/\/iexs.tw\/vi\/wp-json\/wp\/v2\/comments?post=14790"}],"version-history":[{"count":26,"href":"https:\/\/iexs.tw\/vi\/wp-json\/wp\/v2\/pages\/14790\/revisions"}],"predecessor-version":[{"id":22503,"href":"https:\/\/iexs.tw\/vi\/wp-json\/wp\/v2\/pages\/14790\/revisions\/22503"}],"wp:attachment":[{"href":"https:\/\/iexs.tw\/vi\/wp-json\/wp\/v2\/media?parent=14790"}],"curies":[{"name":"wp","href":"https:\/\/api.w.org\/{rel}","templated":true}]}}